{"id":1164,"date":"2022-05-31T11:17:51","date_gmt":"2022-05-31T11:17:51","guid":{"rendered":"https:\/\/www.derksen.nl\/our-values\/"},"modified":"2022-06-29T13:35:24","modified_gmt":"2022-06-29T13:35:24","slug":"our-values","status":"publish","type":"page","link":"https:\/\/www.derksen.nl\/en\/our-values\/","title":{"rendered":"Our values"},"content":{"rendered":"<div class=\"wpb-content-wrapper\"><p>[vc_row full_width=&#8221;stretch_row&#8221; el_class=&#8221;pb-30&#8243;][vc_column][vc_column_text]<\/p>\n<h2>Our values<\/h2>\n<p>Derksen International Movers attaches great importance to ensuring the quality of our services as well as the privacy of our customers. To reinforce this, we have drawn up some documents in which we clearly state our values. You can read these documents below. In connection with our international customers and partners, these have been drawn up in English.<\/p>\n<h2>Privacyverklaring<\/h2>\n<p>Protecting the privacy of our customers is of great importance for the responsible use of our offers, website and communication in general. With this information on data protection, we want to make it clear how much we are committed to safety and reliability and we want to make it clear how we use the personal information of our customers.<\/p>\n<p><a href=\"\/wp-content\/uploads\/Supply-Chain-Guiding-Principles-1.pdf\">Click this link to read more about our Privacy Policy (pdf format).<\/a><\/p>\n<h2>Supply Chain Guiding Principles<\/h2>\n<p>Derksen International Movers &amp; packers provides services complying the industry highest standards. Since decades Derksen is a member of FIDI (F\u00e9d\u00e9ration Internationale des D\u00e9m\u00e9nageurs Internationaux \u2013 www.Fidi.com).<\/p>\n<p><a href=\"\/wp-content\/uploads\/Supply-Chain-Guiding-Principles-1.pdf\">Click this link to read more about our Supply Chain Guiding Principles (pdf format).<\/a>[\/vc_column_text][vc_row_inner equal_height=&#8221;yes&#8221; content_placement=&#8221;middle&#8221; el_class=&#8221;pt-30&#8243;][vc_column_inner width=&#8221;1\/2&#8243;][vc_column_text]<\/p>\n<h2>Anti-Bribery and Anti-Corruption Charter<\/h2>\n<p>At Derksen International Movers &amp; Packers, the way we do things is just as important as what we do, providing International Relocation Services to third parties. We strive to be the best in our industry, but not at any price. The workplace must enable each employee to achieve the highest business standard, at least compliant to FIDI-FAIM 3.1. Besides that everyone must feel proud of our company and the job he or she is doing.<\/p>\n<p><a href=\"\/wp-content\/uploads\/Anti-Bribary-and-Corruption-Charter-1.pdf\">Click this link to read more about our Anti-Bribery and Anti-Corruption Charter (pfd format).<\/a><\/p>\n<h2>Het anti-trust handvest van Fidi<\/h2>\n<p>As member of FIDI, Derksen International Movers adopts and commits itself to the Anti-Trust compliance programs. This supports the fight against cartels which restrict competition among suppliers to the detriment of customers.<\/p>\n<p><a href=\"\/wp-content\/uploads\/Fidi-Anti-Trust-Charter.pdf\">Click this link to read more about our Anti-Trust Charter (pdf format).<\/a>[\/vc_column_text][\/vc_column_inner][vc_column_inner width=&#8221;1\/2&#8243;][vc_column_text]<img decoding=\"async\" class=\"alignnone size-full wp-image-1342\" src=\"\/wp-content\/uploads\/Verhuisbedrijf-Derksen-Verhuizingen.jpeg\" alt=\"Verhuisbedrijf Derksen\" width=\"1440\" height=\"753\" srcset=\"https:\/\/www.derksen.nl\/wp-content\/uploads\/Verhuisbedrijf-Derksen-Verhuizingen.jpeg 1440w, https:\/\/www.derksen.nl\/wp-content\/uploads\/Verhuisbedrijf-Derksen-Verhuizingen-300x157.jpeg 300w, https:\/\/www.derksen.nl\/wp-content\/uploads\/Verhuisbedrijf-Derksen-Verhuizingen-1024x535.jpeg 1024w, https:\/\/www.derksen.nl\/wp-content\/uploads\/Verhuisbedrijf-Derksen-Verhuizingen-768x402.jpeg 768w, https:\/\/www.derksen.nl\/wp-content\/uploads\/Verhuisbedrijf-Derksen-Verhuizingen-250x131.jpeg 250w\" sizes=\"(max-width: 1440px) 100vw, 1440px\" \/>[\/vc_column_text][\/vc_column_inner][\/vc_row_inner][\/vc_column][\/vc_row][vc_row full_width=&#8221;stretch_row&#8221; css=&#8221;.vc_custom_1654078604802{background-image: url(https:\/\/www.derksen.nl\/wp-content\/uploads\/watermerk.png?id=447) !important;}&#8221; el_class=&#8221;center offerte-box&#8221;][vc_column][vc_column_text]<\/p>\n<h2>Are you moving soon? Ask for a free quotation!<\/h2>\n<p>[\/vc_column_text][vc_btn title=&#8221;Request quotation&#8221; el_class=&#8221;offerte-button&#8221; link=&#8221;url:%2Fen%2Fquotation%2F&#8221;][\/vc_column][\/vc_row]<\/p>\n<\/div>","protected":false},"excerpt":{"rendered":"<p>[vc_row full_width=&#8221;stretch_row&#8221; el_class=&#8221;pb-30&#8243;][vc_column][vc_column_text] Our values Derksen International Movers attaches great importance to ensuring the quality of our services as well&#8230;<\/p>\n","protected":false},"author":2,"featured_media":0,"parent":0,"menu_order":0,"comment_status":"closed","ping_status":"closed","template":"","meta":{"footnotes":""},"class_list":["post-1164","page","type-page","status-publish","hentry"],"_links":{"self":[{"href":"https:\/\/www.derksen.nl\/en\/wp-json\/wp\/v2\/pages\/1164","targetHints":{"allow":["GET"]}}],"collection":[{"href":"https:\/\/www.derksen.nl\/en\/wp-json\/wp\/v2\/pages"}],"about":[{"href":"https:\/\/www.derksen.nl\/en\/wp-json\/wp\/v2\/types\/page"}],"author":[{"embeddable":true,"href":"https:\/\/www.derksen.nl\/en\/wp-json\/wp\/v2\/users\/2"}],"replies":[{"embeddable":true,"href":"https:\/\/www.derksen.nl\/en\/wp-json\/wp\/v2\/comments?post=1164"}],"version-history":[{"count":13,"href":"https:\/\/www.derksen.nl\/en\/wp-json\/wp\/v2\/pages\/1164\/revisions"}],"predecessor-version":[{"id":1660,"href":"https:\/\/www.derksen.nl\/en\/wp-json\/wp\/v2\/pages\/1164\/revisions\/1660"}],"wp:attachment":[{"href":"https:\/\/www.derksen.nl\/en\/wp-json\/wp\/v2\/media?parent=1164"}],"curies":[{"name":"wp","href":"https:\/\/api.w.org\/{rel}","templated":true}]}}